{"id":942,"date":"2025-12-14T21:37:06","date_gmt":"2025-12-15T00:37:06","guid":{"rendered":"https:\/\/isnsvce-cba.infd.edu.ar\/sitio\/?page_id=942"},"modified":"2025-12-16T09:51:55","modified_gmt":"2025-12-16T12:51:55","slug":"carreras","status":"publish","type":"page","link":"https:\/\/isnsvce-cba.infd.edu.ar\/sitio\/inicio\/carreras\/","title":{"rendered":"(ESE) Profesorado de Educaci\u00f3n Secundaria en Econom\u00eda."},"content":{"rendered":"\n<p class=\"has-accent-color has-text-color\"><\/p>\n\n\n\n<p><\/p>\n\n\n\n<p><\/p>\n\n\n\n<p><\/p>\n\n\n\n<p><\/p>\n\n\n\n<p><\/p>\n\n\n\n<div class=\"wp-block-buttons alignwide is-content-justification-left is-layout-flex wp-container-1\">\n<div class=\"wp-block-button\"><a class=\"wp-block-button__link wp-element-button\">Prof.Econom\u00eda<\/a><\/div>\n\n\n\n<div class=\"wp-block-button\"><a class=\"wp-block-button__link wp-element-button\"><img decoding=\"async\" loading=\"lazy\" width=\"720\" height=\"492\" class=\"wp-image-908\" style=\"width: 150px;\" src=\"https:\/\/isnsvce-cba.infd.edu.ar\/sitio\/wp-content\/uploads\/2025\/12\/WhatsApp-Image-2025-12-14-at-19.40.29.jpeg\" alt=\"\"><\/a><\/div>\n<\/div>\n\n\n\n<h2 class=\"wp-block-heading\"><strong>(ESE) Profesorado de Educaci\u00f3n Secundaria en Econom\u00eda.<\/strong><\/h2>\n\n\n\n<h2 class=\"wp-block-heading\">AMBITOS DE DESEMPE\u00d1O<\/h2>\n\n\n\n<h2 class=\"wp-block-heading\">PERFIL DEL EGRESADO<\/h2>\n\n\n\n<h2 class=\"wp-block-heading\">PLAN DE ESTUDIO<\/h2>\n\n\n\n<div class=\"wp-block-buttons is-horizontal is-layout-flex\">\n<div class=\"wp-block-button\"><a class=\"wp-block-button__link wp-element-button\">Profe hipoacusicos<\/a><\/div>\n\n\n\n<div class=\"wp-block-button\"><a class=\"wp-block-button__link wp-element-button\"><img decoding=\"async\" loading=\"lazy\" width=\"720\" height=\"409\" class=\"wp-image-907\" style=\"width: 150px;\" src=\"https:\/\/isnsvce-cba.infd.edu.ar\/sitio\/wp-content\/uploads\/2025\/12\/WhatsApp-Image-2025-12-14-at-19.41.36-e1765753091339.jpeg\" alt=\"(EESEH) Profesorado de Educaci\u00f3n Especial. Orientaci\u00f3n en Sordos e Hipoac\u00fasicos.\"><\/a><\/div>\n<\/div>\n\n\n\n<h2 class=\"wp-block-heading\"><strong>(EESEH) Profesorado de Educaci\u00f3n Especial. Orientaci\u00f3n en Sordos e Hipoac\u00fasicos.<\/strong><\/h2>\n\n\n\n<h2 class=\"wp-block-heading\">AMBITOS DE DESEMPE\u00d1O<\/h2>\n\n\n\n<h2 class=\"wp-block-heading\">PERFIL DEL EGRESADO<\/h2>\n\n\n\n<h2 class=\"wp-block-heading\">PLAN DE ESTUDIO<\/h2>\n\n\n\n<div class=\"wp-block-buttons is-layout-flex\">\n<div class=\"wp-block-button\"><a class=\"wp-block-button__link wp-element-button\">Prof. discap. intelectual<\/a><\/div>\n\n\n\n<div class=\"wp-block-button\"><a class=\"wp-block-button__link wp-element-button\"><img decoding=\"async\" loading=\"lazy\" width=\"720\" height=\"497\" class=\"wp-image-906\" style=\"width: 150px;\" src=\"https:\/\/isnsvce-cba.infd.edu.ar\/sitio\/wp-content\/uploads\/2025\/12\/WhatsApp-Image-2025-12-14-at-19.42.02.jpeg\" alt=\"(EEDI) Profesorado de Educaci\u00f3n Especial. Orientaci\u00f3n en Discapacidad Intelectual.\"><\/a><\/div>\n<\/div>\n\n\n\n<h2 class=\"wp-block-heading\">(EED<strong>I) Profesorado de Educaci\u00f3n Especial. Orientaci\u00f3n en Discapacidad Intelectual.<\/strong><\/h2>\n\n\n\n<h2 class=\"wp-block-heading\">AMBITOS DE DESEMPE\u00d1O<\/h2>\n\n\n\n<h2 class=\"wp-block-heading\">PERFIL DEL EGRESADO<\/h2>\n\n\n\n<h2 class=\"wp-block-heading\">PLAN DE ESTUDIO<\/h2>\n\n\n\n<p><\/p>\n\n\n\n<figure class=\"wp-block-image\"><img alt=\"\"\/><\/figure>\n\n\n\n<figure class=\"wp-block-image\"><img alt=\"\"\/><\/figure>\n\n\n\n<p><\/p>\n","protected":false},"excerpt":{"rendered":"<p>(ESE) Profesorado de Educaci\u00f3n Secundaria en Econom\u00eda. AMBITOS DE DESEMPE\u00d1O PERFIL DEL EGRESADO PLAN DE ESTUDIO (EESEH) Profesorado de Educaci\u00f3n Especial. Orientaci\u00f3n en Sordos e Hipoac\u00fasicos. AMBITOS DE DESEMPE\u00d1O PERFIL DEL EGRESADO PLAN DE ESTUDIO (EEDI) Profesorado de Educaci\u00f3n Especial. Orientaci\u00f3n en Discapacidad Intelectual. AMBITOS DE DESEMPE\u00d1O PERFIL DEL EGRESADO PLAN DE ESTUDIO<\/p>\n","protected":false},"author":447,"featured_media":0,"parent":286,"menu_order":6,"comment_status":"closed","ping_status":"closed","template":"","meta":[],"acf":[],"_links":{"self":[{"href":"https:\/\/isnsvce-cba.infd.edu.ar\/sitio\/wp-json\/wp\/v2\/pages\/942"}],"collection":[{"href":"https:\/\/isnsvce-cba.infd.edu.ar\/sitio\/wp-json\/wp\/v2\/pages"}],"about":[{"href":"https:\/\/isnsvce-cba.infd.edu.ar\/sitio\/wp-json\/wp\/v2\/types\/page"}],"author":[{"embeddable":true,"href":"https:\/\/isnsvce-cba.infd.edu.ar\/sitio\/wp-json\/wp\/v2\/users\/447"}],"replies":[{"embeddable":true,"href":"https:\/\/isnsvce-cba.infd.edu.ar\/sitio\/wp-json\/wp\/v2\/comments?post=942"}],"version-history":[{"count":8,"href":"https:\/\/isnsvce-cba.infd.edu.ar\/sitio\/wp-json\/wp\/v2\/pages\/942\/revisions"}],"predecessor-version":[{"id":992,"href":"https:\/\/isnsvce-cba.infd.edu.ar\/sitio\/wp-json\/wp\/v2\/pages\/942\/revisions\/992"}],"up":[{"embeddable":true,"href":"https:\/\/isnsvce-cba.infd.edu.ar\/sitio\/wp-json\/wp\/v2\/pages\/286"}],"wp:attachment":[{"href":"https:\/\/isnsvce-cba.infd.edu.ar\/sitio\/wp-json\/wp\/v2\/media?parent=942"}],"curies":[{"name":"wp","href":"https:\/\/api.w.org\/{rel}","templated":true}]}}