{"id":882,"date":"2025-12-12T11:47:40","date_gmt":"2025-12-12T14:47:40","guid":{"rendered":"https:\/\/isnsvce-cba.infd.edu.ar\/sitio\/?page_id=882"},"modified":"2025-12-12T12:43:57","modified_gmt":"2025-12-12T15:43:57","slug":"abanderados-2026","status":"publish","type":"page","link":"https:\/\/isnsvce-cba.infd.edu.ar\/sitio\/abanderados-2026\/","title":{"rendered":"Abanderados, 2026"},"content":{"rendered":"<p><em><strong>En un acto muy emotivo el 3 de diciembre se realiz\u00f3 el cambio de abanderados.<\/strong><\/em><\/p>\n\n\n<p>En el Marco del acto del cierre de ciclo 2025, familias, vecinos, amigos, cuerpos docentes, maestranza y equipos de gesti\u00f3n, festejaron un a\u00f1o lleno de conocimientos, aprendizajes y la fraternidad del Instituto Nuestra Se\u00f1ora del Valle nivel Superior.<\/p>\n\n\n\n<figure class=\"wp-block-image size-full\"><img decoding=\"async\" loading=\"lazy\" width=\"1600\" height=\"1066\" src=\"https:\/\/isnsvce-cba.infd.edu.ar\/sitio\/wp-content\/uploads\/2025\/12\/WhatsApp-Image-2025-12-12-at-10.58.48-1.jpeg\" alt=\"\" class=\"wp-image-884\" srcset=\"https:\/\/isnsvce-cba.infd.edu.ar\/sitio\/wp-content\/uploads\/2025\/12\/WhatsApp-Image-2025-12-12-at-10.58.48-1.jpeg 1600w, https:\/\/isnsvce-cba.infd.edu.ar\/sitio\/wp-content\/uploads\/2025\/12\/WhatsApp-Image-2025-12-12-at-10.58.48-1-1000x666.jpeg 1000w, https:\/\/isnsvce-cba.infd.edu.ar\/sitio\/wp-content\/uploads\/2025\/12\/WhatsApp-Image-2025-12-12-at-10.58.48-1-768x512.jpeg 768w, https:\/\/isnsvce-cba.infd.edu.ar\/sitio\/wp-content\/uploads\/2025\/12\/WhatsApp-Image-2025-12-12-at-10.58.48-1-1536x1023.jpeg 1536w\" sizes=\"(max-width: 1600px) 100vw, 1600px\" \/><\/figure>\n\n\n<p><em><strong><u>Bandera de la Rep\u00fablica Argentina:<\/u><\/strong><\/em><\/p>\n<p>Abanderada: BARRIONUEVO CARINA <span style=\"color: #0000ff;\">(EESEH)<\/span><\/p>\n<p>1\u00b0 Escolta: PE\u00d1AFLOR VALENTINA <span style=\"color: #0000ff;\">(EESEH)<\/span><\/p>\n<p>2\u00b0 Escolta: VELEZ ROCIO <span style=\"color: #99cc00;\">(EEDI)<\/span><\/p>\n<p><\/p>\n<p><em><strong><u>Bandera de la Provincia de C\u00f3rdoba:<\/u><\/strong><\/em><\/p>\n<p>Abanderada: BALMACEDA VANINA <span style=\"color: #ff00ff;\">(ESE)<\/span><\/p>\n<p>1\u00b0 Escolta: BUSTOS VARELA AILEN <span style=\"color: #0000ff;\">(EESEH)<\/span><\/p>\n<p>2\u00b0 Escolta: GOMEZ LUCIA <span style=\"color: #99cc00;\">(EEDI)<\/span><\/p>\n<p><\/p>\n<p><em><strong><u>Bandera del Estado del Vaticano:<\/u><\/strong><\/em><\/p>\n<p>Abanderada:&nbsp; BAZAN NOELIA <span style=\"color: #0000ff;\">(EESEH)<\/span><\/p>\n<p>1\u00b0 Escolta: ALBONOZ LAILA <span style=\"color: #0000ff;\">(EESEH)<\/span><\/p>\n<p>2\u00b0 Escolta: MIRANDA VELARDEZ MATEO <span style=\"color: #ff00ff;\">(ESE)<\/span><\/p>\n<p><\/p>\n<p>REFERENCIAS:<\/p>\n<p><span style=\"color: #0000ff;\"><strong>(EESEH) Profesorado de Educaci\u00f3n Especial. Orientaci\u00f3n en Sordos e Hipoac\u00fasicos.<\/strong><\/span><\/p>\n<p><span style=\"color: #99cc00;\"><strong>(EEDI) Profesorado de Educaci\u00f3n Especial. Orientaci\u00f3n en Discapacidad Intelectual.<\/strong><\/span><\/p>\n<p><strong><span style=\"color: #ff00ff;\">(ESE) Profesorado de Educaci\u00f3n Secundaria en Econom\u00eda.<\/span>&nbsp;<\/strong><\/p>","protected":false},"excerpt":{"rendered":"<p>En un acto muy emotivo el 3 de diciembre se realiz\u00f3 el cambio de abanderados. En el Marco del acto del cierre de ciclo 2025, familias, vecinos, amigos, cuerpos docentes, maestranza y equipos de gesti\u00f3n, festejaron un a\u00f1o lleno de conocimientos, aprendizajes y la fraternidad del Instituto Nuestra Se\u00f1ora del Valle nivel Superior. Bandera de &#8230; <a title=\"Abanderados, 2026\" class=\"read-more\" href=\"https:\/\/isnsvce-cba.infd.edu.ar\/sitio\/abanderados-2026\/\" aria-label=\"More on Abanderados, 2026\">[+]<\/a><\/p>\n","protected":false},"author":447,"featured_media":0,"parent":0,"menu_order":0,"comment_status":"closed","ping_status":"closed","template":"","meta":[],"acf":[],"_links":{"self":[{"href":"https:\/\/isnsvce-cba.infd.edu.ar\/sitio\/wp-json\/wp\/v2\/pages\/882"}],"collection":[{"href":"https:\/\/isnsvce-cba.infd.edu.ar\/sitio\/wp-json\/wp\/v2\/pages"}],"about":[{"href":"https:\/\/isnsvce-cba.infd.edu.ar\/sitio\/wp-json\/wp\/v2\/types\/page"}],"author":[{"embeddable":true,"href":"https:\/\/isnsvce-cba.infd.edu.ar\/sitio\/wp-json\/wp\/v2\/users\/447"}],"replies":[{"embeddable":true,"href":"https:\/\/isnsvce-cba.infd.edu.ar\/sitio\/wp-json\/wp\/v2\/comments?post=882"}],"version-history":[{"count":3,"href":"https:\/\/isnsvce-cba.infd.edu.ar\/sitio\/wp-json\/wp\/v2\/pages\/882\/revisions"}],"predecessor-version":[{"id":893,"href":"https:\/\/isnsvce-cba.infd.edu.ar\/sitio\/wp-json\/wp\/v2\/pages\/882\/revisions\/893"}],"wp:attachment":[{"href":"https:\/\/isnsvce-cba.infd.edu.ar\/sitio\/wp-json\/wp\/v2\/media?parent=882"}],"curies":[{"name":"wp","href":"https:\/\/api.w.org\/{rel}","templated":true}]}}