{"id":730,"date":"2018-07-26T10:40:07","date_gmt":"2018-07-26T13:40:07","guid":{"rendered":"https:\/\/isnsvce-cba.infd.edu.ar\/sitio\/?page_id=730"},"modified":"2025-12-16T08:38:10","modified_gmt":"2025-12-16T11:38:10","slug":"ingresantes","status":"publish","type":"page","link":"https:\/\/isnsvce-cba.infd.edu.ar\/sitio\/estudiantes\/ingresantes\/","title":{"rendered":"Ingresantes"},"content":{"rendered":"<h4><span style=\"font-size: 34px;\">Requisitos de Inscripci\u00f3n<\/span><\/h4>\n<div class=\"elementor-element elementor-element-4de9f6e elementor-widget elementor-widget-text-editor\" data-id=\"4de9f6e\" data-element_type=\"widget\" data-widget_type=\"text-editor.default\">\n<div class=\"elementor-widget-container\">\n<div>Para el ingreso deber\u00e1 presentar la siguiente documentaci\u00f3n:<\/div>\n<div><\/div>\n<\/div>\n<\/div>\n<div class=\"elementor-element elementor-element-539fb36 elementor-widget elementor-widget-text-editor\" data-id=\"539fb36\" data-element_type=\"widget\" data-widget_type=\"text-editor.default\">\n<div class=\"elementor-widget-container\"><\/div>\n<\/div>\n<div class=\"elementor-element elementor-element-8adea0d elementor-align-left elementor-icon-list--layout-traditional elementor-list-item-link-full_width elementor-widget elementor-widget-icon-list\" data-id=\"8adea0d\" data-element_type=\"widget\" data-widget_type=\"icon-list.default\">\n<div class=\"elementor-widget-container\">\n<p><b>Requisitos\/Documentaci\u00f3n a presentar en la Inscripci\u00f3n Formal de manera personal en el mes de Octubre\u00a0<\/b><\/p>\n<div><b>\u00a0<\/b><\/div>\n<div><b>&#8211; Ficha de Inscripci\u00f3n con datos personales, se entrega en el Instituto una vez que se ha matriculado (valor de la matr\u00edcula a definir en el mes de octubre para los aspirantes 2026)<\/b><\/div>\n<div><b>&#8211; Partida de Nacimiento (Fotocopia autenticada)<\/b><\/div>\n<div><b>&#8211; D.N.I (Fotocopia)<\/b><\/div>\n<div><b>&#8211; Certificado anal\u00edtico de Estudios secundarios (fotocopia autenticada POR LA INSTITUCI\u00d3N QUE LA OTORG\u00d3 O POLIC\u00cdA) o constancia de estudios\u00a0 EN TR\u00c1MITE-ORIGINAL (V\u00e1lida por 60 d\u00edas)<\/b><\/div>\n<div><b>-Certificado de APTITUD PSICO-F\u00cdSICA (el formulario correspondiente se entrega en el Instituto en el momento de ser matriculado)<\/b><\/div>\n<div><b>-Dos fotos carnet 4&#215;4 (actuales a color)<\/b><\/div>\n<div><b>-Certificado de trabajo<\/b><\/div>\n<div><b>-Partida de Nacimiento de hijos menores de 6 a\u00f1os (fotocopia)<\/b><\/div>\n<div><b>TODA LA DOCUMENTACI\u00d3N DEBE SER PRESENTADA EN UNA CARPETA O EN UN FOLIO<\/b><\/div>\n<\/div>\n<\/div>\n<div><\/div>\n<div>\n<div class=\"elementor-element elementor-element-539fb36 elementor-widget elementor-widget-text-editor\" data-id=\"539fb36\" data-element_type=\"widget\" data-widget_type=\"text-editor.default\">\n<div class=\"elementor-widget-container\">\n<div>\u00a0Para m\u00e1s informaci\u00f3n te esperamos en;<\/div>\n<\/div>\n<\/div>\n<div class=\"elementor-element elementor-element-8adea0d elementor-align-left elementor-icon-list--layout-traditional elementor-list-item-link-full_width elementor-widget elementor-widget-icon-list\" data-id=\"8adea0d\" data-element_type=\"widget\" data-widget_type=\"icon-list.default\">\n<div class=\"elementor-widget-container\">\n<ul class=\"elementor-icon-list-items\">\n<li class=\"elementor-icon-list-item\"><span class=\"elementor-icon-list-text\">Sarmiento 121, Cruz del Eje, C\u00f3rdoba<\/span><\/li>\n<li class=\"elementor-icon-list-item\"><span class=\"elementor-icon-list-text\"><b>Tel\u00e9fono:<\/b> (3549) &#8211;\u00a0<\/span><\/li>\n<li class=\"elementor-icon-list-item\"><span class=\"elementor-icon-list-text\"><b>Correo electr\u00f3nico:<\/b>\u00a0isdelvalle121@gmail.com<\/span><\/li>\n<li>Reserva tu lugar con tiempo &#8211; Completa el formulario google .<\/li>\n<li><a href=\"https:\/\/docs.google.com\/forms\/d\/e\/1FAIpQLSczBJnWpezFZdMWbVlgeIauMJEpcUKkYQKhGbE2a57Wecl7SQ\/viewform\">https:\/\/docs.google.com\/forms\/d\/e\/1FAIpQLSczBJnWpezFZdMWbVlgeIauMJEpcUKkYQKhGbE2a57Wecl7SQ\/viewform<\/a><\/li>\n<li>Tambi\u00e9n consultar tus dudas al Tel. 3549551635 de 10:00 a 12:00 hs.<\/li>\n<\/ul>\n<p><strong>Para<\/strong><b> Mayor Informaci\u00f3n te dejamos la Estructura Curricular de Primer A\u00f1o del Profesorado de Educaci\u00f3n Especial. Orientaci\u00f3n en Discapacidad Intelectual<\/b><\/p>\n<\/div>\n<\/div>\n<p><img decoding=\"async\" src=\"https:\/\/lh7-rt.googleusercontent.com\/formsz\/AN7BsVBzdYGzfFqkdJ7PlgB8kBPFpkvlSWYV1jaW7a3Fiz16cEE8qysqPdfNN4-AqWiEhL-t3qWucoeuoAV8BAU4hzMlWRsAx1-bTwY525ppn4m5mgbmuY1wkUN4p2rz2_rmqxf2kTWdgKCbUDDqUnPku7rTqm1wQXuOAFiKHTl3lPWlktG47afkbPFtre8o1bRqpKWgJSt7TYIYq3Nq=w725?key=05V9uNp3DPPcPh_VsL7XoQ\" alt=\"Imagen sin t\u00edtulo\" \/><\/p>\n<div class=\"elementor-element elementor-element-8adea0d elementor-align-left elementor-icon-list--layout-traditional elementor-list-item-link-full_width elementor-widget elementor-widget-icon-list\" data-id=\"8adea0d\" data-element_type=\"widget\" data-widget_type=\"icon-list.default\">\n<div class=\"elementor-widget-container\">\n<p><b>Para Mayor Informaci\u00f3n te dejamos la Estructura Curricular de Primer A\u00f1o del Profesorado de Educaci\u00f3n Especial. Orientaci\u00f3n en Sordos e Hipoac\u00fasicos\u00a0<\/b><\/p>\n<p><img decoding=\"async\" src=\"https:\/\/lh7-rt.googleusercontent.com\/formsz\/AN7BsVBmI7X80ua-1pYcKnqitmtt5lb3_wUELRnYP-Ued8yJ_VhaIel6I6p2KAGEkimE87GG4iUSZiupFAl5HiqZf4ma_-YjsDBF6bQbORQD3gauPkYbCSelf3Qs69bzoadogd_vvXrz0BT5GLALcR1ZZYomM5JR4SF8Y-T50Yylpm5_8yVTcOUd9VMSRuWqE3Y9y7yzKhUIPmrrUzF6=w533?key=05V9uNp3DPPcPh_VsL7XoQ\" alt=\"Imagen sin t\u00edtulo\" \/><\/p>\n<p><b>Para Mayor Informaci\u00f3n te dejamos la Estructura Curricular de Primer A\u00f1o del Profesorado de Educaci\u00f3n Secundaria en Econom\u00eda<\/b><\/p>\n<p><img decoding=\"async\" src=\"https:\/\/lh7-rt.googleusercontent.com\/formsz\/AN7BsVDb-0siQhC5D6LrTxiltDgXiTn20EhHvLV08cPRk8iOe4rBK155V02ZsXmSrCWniZshVZiNY1lvg4JyDiDZNoW2jkM4mbWc8lzkMa88HgaaN6WOEI6hF2uvULEzuhfAzh9Xo5i5cvomdMrqoAw8nN4RjRafsE5coAFR1bjaka_jH139uWcokiUF9xvAkdzd3BmOAx2yo3cs8LHO=w712?key=05V9uNp3DPPcPh_VsL7XoQ\" alt=\"Imagen sin t\u00edtulo\" \/><\/p>\n<\/div>\n<\/div>\n<\/div>\n","protected":false},"excerpt":{"rendered":"<p>Requisitos de Inscripci\u00f3n Para el ingreso deber\u00e1 presentar la siguiente documentaci\u00f3n: Requisitos\/Documentaci\u00f3n a presentar en la Inscripci\u00f3n Formal de manera personal en el mes de Octubre\u00a0 \u00a0 &#8211; Ficha de Inscripci\u00f3n con datos personales, se entrega en el Instituto una vez que se ha matriculado (valor de la matr\u00edcula a definir en el mes de &#8230; <a title=\"Ingresantes\" class=\"read-more\" href=\"https:\/\/isnsvce-cba.infd.edu.ar\/sitio\/estudiantes\/ingresantes\/\" aria-label=\"More on Ingresantes\">[+]<\/a><\/p>\n","protected":false},"author":6,"featured_media":0,"parent":692,"menu_order":0,"comment_status":"closed","ping_status":"closed","template":"","meta":[],"acf":[],"_links":{"self":[{"href":"https:\/\/isnsvce-cba.infd.edu.ar\/sitio\/wp-json\/wp\/v2\/pages\/730"}],"collection":[{"href":"https:\/\/isnsvce-cba.infd.edu.ar\/sitio\/wp-json\/wp\/v2\/pages"}],"about":[{"href":"https:\/\/isnsvce-cba.infd.edu.ar\/sitio\/wp-json\/wp\/v2\/types\/page"}],"author":[{"embeddable":true,"href":"https:\/\/isnsvce-cba.infd.edu.ar\/sitio\/wp-json\/wp\/v2\/users\/6"}],"replies":[{"embeddable":true,"href":"https:\/\/isnsvce-cba.infd.edu.ar\/sitio\/wp-json\/wp\/v2\/comments?post=730"}],"version-history":[{"count":7,"href":"https:\/\/isnsvce-cba.infd.edu.ar\/sitio\/wp-json\/wp\/v2\/pages\/730\/revisions"}],"predecessor-version":[{"id":973,"href":"https:\/\/isnsvce-cba.infd.edu.ar\/sitio\/wp-json\/wp\/v2\/pages\/730\/revisions\/973"}],"up":[{"embeddable":true,"href":"https:\/\/isnsvce-cba.infd.edu.ar\/sitio\/wp-json\/wp\/v2\/pages\/692"}],"wp:attachment":[{"href":"https:\/\/isnsvce-cba.infd.edu.ar\/sitio\/wp-json\/wp\/v2\/media?parent=730"}],"curies":[{"name":"wp","href":"https:\/\/api.w.org\/{rel}","templated":true}]}}