{"id":318,"date":"2016-10-31T14:20:44","date_gmt":"2016-10-31T17:20:44","guid":{"rendered":"https:\/\/isnsvce-cba.infd.edu.ar\/sitio\/?page_id=318"},"modified":"2025-12-16T09:17:07","modified_gmt":"2025-12-16T12:17:07","slug":"contacto","status":"publish","type":"page","link":"https:\/\/isnsvce-cba.infd.edu.ar\/sitio\/institucional\/contacto\/","title":{"rendered":"Datos de contacto"},"content":{"rendered":"<h2>Comunicate con nosotros<\/h2>\n<p><b>En nuestro Instituto Superior Nuestra Se\u00f1ora del Valle, valoramos la comunicaci\u00f3n abierta y estamos aqu\u00ed para responder cualquier pregunta que puedas tener. No dudes en contactarnos a trav\u00e9s de los siguientes medios:<\/b><\/p>\n<p><strong>\u00a0P<\/strong><b>or Tel\u00e9fono:\u00a0<\/b>llamando al n\u00famero (3549).<\/p>\n<p><b>\u00a0Correo electr\u00f3nico<\/b>:<br \/>\n<b>\u00a0Institucional:<\/b>\u00a0institutodelvall@gmail.com<br \/>\nNivel Superior:\u00a0delvallesuperior@gmai.com<\/p>\n<p><b>Vis\u00edtanos<\/b>: Estamos\u00a0ubicados en Sarmiento 121, Cruz del Eje, en los horarios de cada nivel.<\/p>\n<p><b>Redes sociales:\u00a0<\/b>S\u00edguenos en nuestras redes sociales oficiales:<\/p>\n<p><strong>\u00a0<\/strong><strong><img decoding=\"async\" loading=\"lazy\" class=\"\" src=\"https:\/\/upload.wikimedia.org\/wikipedia\/commons\/thumb\/a\/a5\/Instagram_icon.png\/1200px-Instagram_icon.png\" alt=\"Archivo:Instagram icon.png - Wikipedia, la enciclopedia libre\" width=\"29\" height=\"29\" \/> Instagram\u00a0<\/strong><\/p>\n<p><strong><a href=\"https:\/\/www.instagram.com\/insvcde?utm_source=ig_web_button_share_sheet&amp;igsh=ZDNlZDc0MzIxNw==\">https:\/\/www.instagram.com\/insvcde?utm_source=ig_web_button_share_sheet&amp;igsh=ZDNlZDc0MzIxNw==<\/a><\/strong><\/p>\n<p><strong><img decoding=\"async\" loading=\"lazy\" class=\"\" src=\"https:\/\/static.vecteezy.com\/system\/resources\/previews\/018\/910\/687\/non_2x\/youtube-logo-youtube-icon-youtube-symbol-free-free-vector.jpg\" alt=\"vector de logotipo de youtube, vector de icono de youtube, vector libre de  s\u00edmbolo de youtube 18910687 Vector en Vecteezy\" width=\"38\" height=\"38\" \/>Canal de youtube<\/strong><\/p>\n<p><img decoding=\"async\" loading=\"lazy\" class=\"\" src=\"https:\/\/upload.wikimedia.org\/wikipedia\/commons\/thumb\/b\/bd\/Google_Maps_Logo_2020.svg\/2275px-Google_Maps_Logo_2020.svg.png\" alt=\"Archivo:Google Maps Logo 2020.svg - Wikipedia, la enciclopedia libre\" width=\"44\" height=\"39\" \/><\/p>\n<p><strong><a href=\"https:\/\/maps.app.goo.gl\/MqAdkXetTQ6dWFGC9\" target=\"_blank\" rel=\"noopener\">https:\/\/maps.app.goo.gl\/MqAdkXetTQ6dWFGC9<\/a><\/strong><\/p>\n<p><strong><a href=\"https:\/\/maps.app.goo.gl\/YtfnDkLabGkvzSK47\">https:\/\/maps.app.goo.gl\/YtfnDkLabGkvzSK47<\/a><\/strong><\/p>\n<p><strong>Direcci\u00f3n: Sarmiento 121- Cruz del Eje. C\u00f3rdoba -Argentina<\/strong><\/p>\n<p><strong>Tel\u00e9fono:<br \/>\nHorarios de atenci\u00f3n pedag\u00f3gica: 17: 40 hs a 22:40 hs\u00a0 \/ Horario de atenci\u00f3n administrativa: 16:00 hs a 20:00 hs<\/strong><\/p>\n","protected":false},"excerpt":{"rendered":"<p>Comunicate con nosotros En nuestro Instituto Superior Nuestra Se\u00f1ora del Valle, valoramos la comunicaci\u00f3n abierta y estamos aqu\u00ed para responder cualquier pregunta que puedas tener. No dudes en contactarnos a trav\u00e9s de los siguientes medios: \u00a0Por Tel\u00e9fono:\u00a0llamando al n\u00famero (3549). \u00a0Correo electr\u00f3nico: \u00a0Institucional:\u00a0institutodelvall@gmail.com Nivel Superior:\u00a0delvallesuperior@gmai.com Vis\u00edtanos: Estamos\u00a0ubicados en Sarmiento 121, Cruz del Eje, en los &#8230; <a title=\"Datos de contacto\" class=\"read-more\" href=\"https:\/\/isnsvce-cba.infd.edu.ar\/sitio\/institucional\/contacto\/\" aria-label=\"More on Datos de contacto\">[+]<\/a><\/p>\n","protected":false},"author":1,"featured_media":0,"parent":683,"menu_order":0,"comment_status":"closed","ping_status":"closed","template":"","meta":[],"acf":[],"_links":{"self":[{"href":"https:\/\/isnsvce-cba.infd.edu.ar\/sitio\/wp-json\/wp\/v2\/pages\/318"}],"collection":[{"href":"https:\/\/isnsvce-cba.infd.edu.ar\/sitio\/wp-json\/wp\/v2\/pages"}],"about":[{"href":"https:\/\/isnsvce-cba.infd.edu.ar\/sitio\/wp-json\/wp\/v2\/types\/page"}],"author":[{"embeddable":true,"href":"https:\/\/isnsvce-cba.infd.edu.ar\/sitio\/wp-json\/wp\/v2\/users\/1"}],"replies":[{"embeddable":true,"href":"https:\/\/isnsvce-cba.infd.edu.ar\/sitio\/wp-json\/wp\/v2\/comments?post=318"}],"version-history":[{"count":22,"href":"https:\/\/isnsvce-cba.infd.edu.ar\/sitio\/wp-json\/wp\/v2\/pages\/318\/revisions"}],"predecessor-version":[{"id":980,"href":"https:\/\/isnsvce-cba.infd.edu.ar\/sitio\/wp-json\/wp\/v2\/pages\/318\/revisions\/980"}],"up":[{"embeddable":true,"href":"https:\/\/isnsvce-cba.infd.edu.ar\/sitio\/wp-json\/wp\/v2\/pages\/683"}],"wp:attachment":[{"href":"https:\/\/isnsvce-cba.infd.edu.ar\/sitio\/wp-json\/wp\/v2\/media?parent=318"}],"curies":[{"name":"wp","href":"https:\/\/api.w.org\/{rel}","templated":true}]}}